{"id":6546,"date":"2024-11-22T20:29:50","date_gmt":"2024-11-22T20:29:50","guid":{"rendered":"https:\/\/pixel-labs.ca\/lessuites\/?page_id=6546"},"modified":"2026-04-15T10:15:53","modified_gmt":"2026-04-15T10:15:53","slug":"commodites","status":"publish","type":"page","link":"https:\/\/www.les-suites.com\/fr\/commodites\/","title":{"rendered":"COMMODIT\u00c9S"},"content":{"rendered":"\t\t<div data-elementor-type=\"wp-page\" data-elementor-id=\"6546\" class=\"elementor elementor-6546 elementor-2913\" data-elementor-post-type=\"page\">\n\t\t\t\t\t\t<section class=\"elementor-section elementor-top-section elementor-element elementor-element-27e9867 elementor-section-height-min-height cs-parallax-on-scroll cs_scroll_y_100 elementor-section-full_width elementor-section-height-default elementor-section-items-middle\" data-id=\"27e9867\" data-element_type=\"section\" data-e-type=\"section\" data-cs-parallax-y=\"100\">\n\t\t\t\t\t\t<div class=\"elementor-container elementor-column-gap-no\">\n\t\t\t\t\t<div class=\"elementor-column elementor-col-100 elementor-top-column elementor-element elementor-element-79d0588 dark-color\" data-id=\"79d0588\" data-element_type=\"column\" data-e-type=\"column\">\n\t\t\t<div class=\"elementor-widget-wrap elementor-element-populated\">\n\t\t\t\t\t\t<div class=\"elementor-element elementor-element-2212abb elementor-widget elementor-widget-image\" data-id=\"2212abb\" data-element_type=\"widget\" data-e-type=\"widget\" data-widget_type=\"image.default\">\n\t\t\t\t<div class=\"elementor-widget-container\">\n\t\t\t\t\t\t\t\t\t\t\t\t\t\t\t<img fetchpriority=\"high\" decoding=\"async\" width=\"1920\" height=\"1082\" src=\"https:\/\/www.les-suites.com\/wp-content\/uploads\/2024\/04\/LesSuites-274-RT-web.jpg\" class=\"attachment-full size-full wp-image-5879\" alt=\"\" srcset=\"https:\/\/www.les-suites.com\/wp-content\/uploads\/2024\/04\/LesSuites-274-RT-web.jpg 1920w, https:\/\/www.les-suites.com\/wp-content\/uploads\/2024\/04\/LesSuites-274-RT-web-300x169.jpg 300w, https:\/\/www.les-suites.com\/wp-content\/uploads\/2024\/04\/LesSuites-274-RT-web-1024x577.jpg 1024w, https:\/\/www.les-suites.com\/wp-content\/uploads\/2024\/04\/LesSuites-274-RT-web-768x433.jpg 768w, https:\/\/www.les-suites.com\/wp-content\/uploads\/2024\/04\/LesSuites-274-RT-web-1536x866.jpg 1536w, https:\/\/www.les-suites.com\/wp-content\/uploads\/2024\/04\/LesSuites-274-RT-web-1440x812.jpg 1440w, https:\/\/www.les-suites.com\/wp-content\/uploads\/2024\/04\/LesSuites-274-RT-web-1200x676.jpg 1200w, https:\/\/www.les-suites.com\/wp-content\/uploads\/2024\/04\/LesSuites-274-RT-web-780x440.jpg 780w, https:\/\/www.les-suites.com\/wp-content\/uploads\/2024\/04\/LesSuites-274-RT-web-600x338.jpg 600w, https:\/\/www.les-suites.com\/wp-content\/uploads\/2024\/04\/LesSuites-274-RT-web-550x310.jpg 550w, https:\/\/www.les-suites.com\/wp-content\/uploads\/2024\/04\/LesSuites-274-RT-web-370x209.jpg 370w, https:\/\/www.les-suites.com\/wp-content\/uploads\/2024\/04\/LesSuites-274-RT-web-255x144.jpg 255w\" sizes=\"(max-width: 1920px) 100vw, 1920px\" \/>\t\t\t\t\t\t\t\t\t\t\t\t\t\t\t<\/div>\n\t\t\t\t<\/div>\n\t\t\t\t\t<\/div>\n\t\t<\/div>\n\t\t\t\t\t<\/div>\n\t\t<\/section>\n\t\t\t\t<section class=\"elementor-section elementor-top-section elementor-element elementor-element-6f2ca20 elementor-section-boxed elementor-section-height-default elementor-section-height-default\" data-id=\"6f2ca20\" data-element_type=\"section\" data-e-type=\"section\">\n\t\t\t\t\t\t<div class=\"elementor-container elementor-column-gap-no\">\n\t\t\t\t\t<div class=\"elementor-column elementor-col-100 elementor-top-column elementor-element elementor-element-fc2b27f\" data-id=\"fc2b27f\" data-element_type=\"column\" data-e-type=\"column\">\n\t\t\t<div class=\"elementor-widget-wrap elementor-element-populated\">\n\t\t\t\t\t\t<div class=\"elementor-element elementor-element-412197a elementor-widget elementor-widget-cs_title\" data-id=\"412197a\" data-element_type=\"widget\" data-e-type=\"widget\" data-widget_type=\"cs_title.default\">\n\t\t\t\t<div class=\"elementor-widget-container\">\n\t\t\t\t\t\n        <div class=\"cs-title-wrap text-center\">\t            <div class=\"cs-subtitle-wrap\"><span class=\"cs-subtitle\">AVANTAGES DE L\u2019H\u00d4TEL<\/span><\/div>\t            <h2 class=\"cs-title\">\n\t                Am\u00e9liorez votre exp\u00e9rience.\t            <\/h2>        <\/div>\t\t\t\t<\/div>\n\t\t\t\t<\/div>\n\t\t\t\t<div class=\"elementor-element elementor-element-8652033 elementor-widget-divider--view-line elementor-widget elementor-widget-divider\" data-id=\"8652033\" data-element_type=\"widget\" data-e-type=\"widget\" data-widget_type=\"divider.default\">\n\t\t\t\t<div class=\"elementor-widget-container\">\n\t\t\t\t\t\t\t<div class=\"elementor-divider\">\n\t\t\t<span class=\"elementor-divider-separator\">\n\t\t\t\t\t\t<\/span>\n\t\t<\/div>\n\t\t\t\t\t\t<\/div>\n\t\t\t\t<\/div>\n\t\t\t\t\t<\/div>\n\t\t<\/div>\n\t\t\t\t\t<\/div>\n\t\t<\/section>\n\t\t<div class=\"elementor-element elementor-element-bcf102e e-flex e-con-boxed elementor-invisible e-con e-parent\" data-id=\"bcf102e\" data-element_type=\"container\" data-e-type=\"container\" data-settings=\"{&quot;animation&quot;:&quot;fadeInUp&quot;,&quot;animation_delay&quot;:200}\">\n\t\t\t\t\t<div class=\"e-con-inner\">\n\t\t<div class=\"elementor-element elementor-element-eb7ab5c e-con-full e-flex e-con e-child\" data-id=\"eb7ab5c\" data-element_type=\"container\" data-e-type=\"container\">\n\t\t\t\t<div class=\"elementor-element elementor-element-d163590 elementor-widget elementor-widget-image\" data-id=\"d163590\" data-element_type=\"widget\" data-e-type=\"widget\" data-widget_type=\"image.default\">\n\t\t\t\t<div class=\"elementor-widget-container\">\n\t\t\t\t\t\t\t\t\t\t\t\t\t\t\t<img decoding=\"async\" width=\"500\" height=\"502\" src=\"https:\/\/www.les-suites.com\/wp-content\/uploads\/2025\/08\/Urban-Brew-Cafe.jpg\" class=\"attachment-full size-full wp-image-8893\" alt=\"\" srcset=\"https:\/\/www.les-suites.com\/wp-content\/uploads\/2025\/08\/Urban-Brew-Cafe.jpg 500w, https:\/\/www.les-suites.com\/wp-content\/uploads\/2025\/08\/Urban-Brew-Cafe-300x300.jpg 300w, https:\/\/www.les-suites.com\/wp-content\/uploads\/2025\/08\/Urban-Brew-Cafe-150x150.jpg 150w, https:\/\/www.les-suites.com\/wp-content\/uploads\/2025\/08\/Urban-Brew-Cafe-370x371.jpg 370w, https:\/\/www.les-suites.com\/wp-content\/uploads\/2025\/08\/Urban-Brew-Cafe-255x256.jpg 255w\" sizes=\"(max-width: 500px) 100vw, 500px\" \/>\t\t\t\t\t\t\t\t\t\t\t\t\t\t\t<\/div>\n\t\t\t\t<\/div>\n\t\t\t\t<div class=\"elementor-element elementor-element-b45d6f1 elementor-widget elementor-widget-heading\" data-id=\"b45d6f1\" data-element_type=\"widget\" data-e-type=\"widget\" data-widget_type=\"heading.default\">\n\t\t\t\t<div class=\"elementor-widget-container\">\n\t\t\t\t\t<h5 class=\"elementor-heading-title elementor-size-default\">Urban Brew Cafe<\/h5>\t\t\t\t<\/div>\n\t\t\t\t<\/div>\n\t\t\t\t<div class=\"elementor-element elementor-element-36091aa elementor-widget elementor-widget-text-editor\" data-id=\"36091aa\" data-element_type=\"widget\" data-e-type=\"widget\" data-widget_type=\"text-editor.default\">\n\t\t\t\t<div class=\"elementor-widget-container\">\n\t\t\t\t\t\t\t\t\t<p><strong>Hall de l\u2019h\u00f4tel<br \/><\/strong><strong>7\u00a0h \u00e0 21\u00a0h<\/strong><\/p>\t\t\t\t\t\t\t\t<\/div>\n\t\t\t\t<\/div>\n\t\t\t\t<div class=\"elementor-element elementor-element-bd21307 elementor-widget elementor-widget-text-editor\" data-id=\"bd21307\" data-element_type=\"widget\" data-e-type=\"widget\" data-widget_type=\"text-editor.default\">\n\t\t\t\t<div class=\"elementor-widget-container\">\n\t\t\t\t\t\t\t\t\t<p><span style=\"color: #333333;\">Commencez votre journ\u00e9e avec un d\u00e9licieux caf\u00e9, ou d\u00e9tendez-vous apr\u00e8s le travail en sirotant une bi\u00e8re froide ou un verre de vin. D\u00e9gustez de d\u00e9licieux petits d\u00e9jeuners, un assortiment de salades fra\u00eeches, des paninis et des desserts all\u00e9chants.<\/span><\/p>\t\t\t\t\t\t\t\t<\/div>\n\t\t\t\t<\/div>\n\t\t\t\t<\/div>\n\t\t<div class=\"elementor-element elementor-element-35bb682 e-con-full e-flex e-con e-child\" data-id=\"35bb682\" data-element_type=\"container\" data-e-type=\"container\">\n\t\t\t\t<div class=\"elementor-element elementor-element-fdd05d5 elementor-widget elementor-widget-image\" data-id=\"fdd05d5\" data-element_type=\"widget\" data-e-type=\"widget\" data-widget_type=\"image.default\">\n\t\t\t\t<div class=\"elementor-widget-container\">\n\t\t\t\t\t\t\t\t\t\t\t\t\t\t\t<img decoding=\"async\" width=\"502\" height=\"500\" src=\"https:\/\/www.les-suites.com\/wp-content\/uploads\/2024\/04\/dreamstime_xxl_59938242-web.jpg\" class=\"attachment-full size-full wp-image-5882\" alt=\"\" srcset=\"https:\/\/www.les-suites.com\/wp-content\/uploads\/2024\/04\/dreamstime_xxl_59938242-web.jpg 502w, https:\/\/www.les-suites.com\/wp-content\/uploads\/2024\/04\/dreamstime_xxl_59938242-web-300x300.jpg 300w, https:\/\/www.les-suites.com\/wp-content\/uploads\/2024\/04\/dreamstime_xxl_59938242-web-150x150.jpg 150w, https:\/\/www.les-suites.com\/wp-content\/uploads\/2024\/04\/dreamstime_xxl_59938242-web-370x369.jpg 370w, https:\/\/www.les-suites.com\/wp-content\/uploads\/2024\/04\/dreamstime_xxl_59938242-web-255x254.jpg 255w\" sizes=\"(max-width: 502px) 100vw, 502px\" \/>\t\t\t\t\t\t\t\t\t\t\t\t\t\t\t<\/div>\n\t\t\t\t<\/div>\n\t\t\t\t<div class=\"elementor-element elementor-element-61569f5 elementor-widget elementor-widget-heading\" data-id=\"61569f5\" data-element_type=\"widget\" data-e-type=\"widget\" data-widget_type=\"heading.default\">\n\t\t\t\t<div class=\"elementor-widget-container\">\n\t\t\t\t\t<h5 class=\"elementor-heading-title elementor-size-default\">Centre d\u2019affaires<\/h5>\t\t\t\t<\/div>\n\t\t\t\t<\/div>\n\t\t\t\t<div class=\"elementor-element elementor-element-6f73cbe elementor-widget elementor-widget-text-editor\" data-id=\"6f73cbe\" data-element_type=\"widget\" data-e-type=\"widget\" data-widget_type=\"text-editor.default\">\n\t\t\t\t<div class=\"elementor-widget-container\">\n\t\t\t\t\t\t\t\t\t<p><strong>Niveau mezzanine<br \/><\/strong><strong>Ouvert 24 heures<\/strong><\/p>\t\t\t\t\t\t\t\t<\/div>\n\t\t\t\t<\/div>\n\t\t\t\t<div class=\"elementor-element elementor-element-3ffccc6 elementor-widget elementor-widget-text-editor\" data-id=\"3ffccc6\" data-element_type=\"widget\" data-e-type=\"widget\" data-widget_type=\"text-editor.default\">\n\t\t\t\t<div class=\"elementor-widget-container\">\n\t\t\t\t\t\t\t\t\t<p>En plus des espaces de travail compris dans nos suites, nos clients ont acc\u00e8s en tout temps et gratuitement \u00e0 un centre d\u2019affaires, y compris des postes de travail avec ordinateur, des imprimantes laser et un acc\u00e8s sans fil \u00e0 Internet.<\/p>\t\t\t\t\t\t\t\t<\/div>\n\t\t\t\t<\/div>\n\t\t\t\t<\/div>\n\t\t<div class=\"elementor-element elementor-element-6501c2f e-con-full e-flex e-con e-child\" data-id=\"6501c2f\" data-element_type=\"container\" data-e-type=\"container\">\n\t\t\t\t<div class=\"elementor-element elementor-element-930cc1c elementor-widget elementor-widget-image\" data-id=\"930cc1c\" data-element_type=\"widget\" data-e-type=\"widget\" data-widget_type=\"image.default\">\n\t\t\t\t<div class=\"elementor-widget-container\">\n\t\t\t\t\t\t\t\t\t\t\t\t\t\t\t<img loading=\"lazy\" decoding=\"async\" width=\"501\" height=\"500\" src=\"https:\/\/www.les-suites.com\/wp-content\/uploads\/2024\/04\/dreamstime_xxl_106215847-web.jpg\" class=\"attachment-full size-full wp-image-5883\" alt=\"\" srcset=\"https:\/\/www.les-suites.com\/wp-content\/uploads\/2024\/04\/dreamstime_xxl_106215847-web.jpg 501w, https:\/\/www.les-suites.com\/wp-content\/uploads\/2024\/04\/dreamstime_xxl_106215847-web-300x300.jpg 300w, https:\/\/www.les-suites.com\/wp-content\/uploads\/2024\/04\/dreamstime_xxl_106215847-web-150x150.jpg 150w, https:\/\/www.les-suites.com\/wp-content\/uploads\/2024\/04\/dreamstime_xxl_106215847-web-370x369.jpg 370w, https:\/\/www.les-suites.com\/wp-content\/uploads\/2024\/04\/dreamstime_xxl_106215847-web-255x254.jpg 255w\" sizes=\"(max-width: 501px) 100vw, 501px\" \/>\t\t\t\t\t\t\t\t\t\t\t\t\t\t\t<\/div>\n\t\t\t\t<\/div>\n\t\t\t\t<div class=\"elementor-element elementor-element-43e7ff6 elementor-widget elementor-widget-heading\" data-id=\"43e7ff6\" data-element_type=\"widget\" data-e-type=\"widget\" data-widget_type=\"heading.default\">\n\t\t\t\t<div class=\"elementor-widget-container\">\n\t\t\t\t\t<h5 class=\"elementor-heading-title elementor-size-default\">Centre de conditionnement physique<\/h5>\t\t\t\t<\/div>\n\t\t\t\t<\/div>\n\t\t\t\t<div class=\"elementor-element elementor-element-223bc7e elementor-widget elementor-widget-text-editor\" data-id=\"223bc7e\" data-element_type=\"widget\" data-e-type=\"widget\" data-widget_type=\"text-editor.default\">\n\t\t\t\t<div class=\"elementor-widget-container\">\n\t\t\t\t\t\t\t\t\t<p><strong>5<sup>e<\/sup>\u00a0\u00e9tage <br \/><\/strong><strong>Ouvert 24\u00a0heures<\/strong><\/p>\t\t\t\t\t\t\t\t<\/div>\n\t\t\t\t<\/div>\n\t\t\t\t<div class=\"elementor-element elementor-element-46fafe4 elementor-widget elementor-widget-text-editor\" data-id=\"46fafe4\" data-element_type=\"widget\" data-e-type=\"widget\" data-widget_type=\"text-editor.default\">\n\t\t\t\t<div class=\"elementor-widget-container\">\n\t\t\t\t\t\t\t\t\t<p>Notre centre de conditionnement physique est toujours ouvert, ce qui vous permet de vous entra\u00eener quand bon vous semble. Ce grand espace ouvert est dot\u00e9 de grandes fen\u00eatres qui inondent la salle de lumi\u00e8re naturelle et il offre une s\u00e9lection inspirante d\u2019appareils d\u2019entra\u00eenement.<\/p>\t\t\t\t\t\t\t\t<\/div>\n\t\t\t\t<\/div>\n\t\t\t\t<\/div>\n\t\t\t\t\t<\/div>\n\t\t\t\t<\/div>\n\t\t<div class=\"elementor-element elementor-element-72f54b1 e-flex e-con-boxed elementor-invisible e-con e-parent\" data-id=\"72f54b1\" data-element_type=\"container\" data-e-type=\"container\" data-settings=\"{&quot;animation&quot;:&quot;fadeInUp&quot;,&quot;animation_delay&quot;:200}\">\n\t\t\t\t\t<div class=\"e-con-inner\">\n\t\t<div class=\"elementor-element elementor-element-b2dec60 e-con-full e-flex e-con e-child\" data-id=\"b2dec60\" data-element_type=\"container\" data-e-type=\"container\">\n\t\t\t\t<div class=\"elementor-element elementor-element-37c7d1e elementor-widget elementor-widget-image\" data-id=\"37c7d1e\" data-element_type=\"widget\" data-e-type=\"widget\" data-widget_type=\"image.default\">\n\t\t\t\t<div class=\"elementor-widget-container\">\n\t\t\t\t\t\t\t\t\t\t\t\t\t\t\t<img loading=\"lazy\" decoding=\"async\" width=\"502\" height=\"500\" src=\"https:\/\/www.les-suites.com\/wp-content\/uploads\/2024\/04\/dreamstime_xxl_8470010-web.jpg\" class=\"attachment-full size-full wp-image-5884\" alt=\"\" srcset=\"https:\/\/www.les-suites.com\/wp-content\/uploads\/2024\/04\/dreamstime_xxl_8470010-web.jpg 502w, https:\/\/www.les-suites.com\/wp-content\/uploads\/2024\/04\/dreamstime_xxl_8470010-web-300x300.jpg 300w, https:\/\/www.les-suites.com\/wp-content\/uploads\/2024\/04\/dreamstime_xxl_8470010-web-150x150.jpg 150w, https:\/\/www.les-suites.com\/wp-content\/uploads\/2024\/04\/dreamstime_xxl_8470010-web-370x369.jpg 370w, https:\/\/www.les-suites.com\/wp-content\/uploads\/2024\/04\/dreamstime_xxl_8470010-web-255x254.jpg 255w\" sizes=\"(max-width: 502px) 100vw, 502px\" \/>\t\t\t\t\t\t\t\t\t\t\t\t\t\t\t<\/div>\n\t\t\t\t<\/div>\n\t\t\t\t<div class=\"elementor-element elementor-element-3ec5017 elementor-widget elementor-widget-heading\" data-id=\"3ec5017\" data-element_type=\"widget\" data-e-type=\"widget\" data-widget_type=\"heading.default\">\n\t\t\t\t<div class=\"elementor-widget-container\">\n\t\t\t\t\t<h5 class=\"elementor-heading-title elementor-size-default\">Piscine<\/h5>\t\t\t\t<\/div>\n\t\t\t\t<\/div>\n\t\t\t\t<div class=\"elementor-element elementor-element-e48c9c7 elementor-widget elementor-widget-text-editor\" data-id=\"e48c9c7\" data-element_type=\"widget\" data-e-type=\"widget\" data-widget_type=\"text-editor.default\">\n\t\t\t\t<div class=\"elementor-widget-container\">\n\t\t\t\t\t\t\t\t\t<p>Ferm\u00e9 pour entretien annuel du 20 Avril au 26 Avril inclus.<\/p>\t\t\t\t\t\t\t\t<\/div>\n\t\t\t\t<\/div>\n\t\t\t\t<div class=\"elementor-element elementor-element-ab8f194 elementor-widget elementor-widget-text-editor\" data-id=\"ab8f194\" data-element_type=\"widget\" data-e-type=\"widget\" data-widget_type=\"text-editor.default\">\n\t\t\t\t<div class=\"elementor-widget-container\">\n\t\t\t\t\t\t\t\t\t<p><strong>5<sup>e<\/sup>\u00a0\u00e9tage<br \/><\/strong><strong>7\u00a0h \u00e0 22\u00a0h<\/strong><\/p>\t\t\t\t\t\t\t\t<\/div>\n\t\t\t\t<\/div>\n\t\t\t\t<div class=\"elementor-element elementor-element-54fc078 elementor-widget elementor-widget-text-editor\" data-id=\"54fc078\" data-element_type=\"widget\" data-e-type=\"widget\" data-widget_type=\"text-editor.default\">\n\t\t\t\t<div class=\"elementor-widget-container\">\n\t\t\t\t\t\t\t\t\t<p>Notre piscine int\u00e9rieure chauff\u00e9e est tr\u00e8s pris\u00e9e par les familles. C\u2019est un bon endroit pour vous amuser ou relaxer. Des serviettes sont disponibles dans les vestiaires.<\/p>\t\t\t\t\t\t\t\t<\/div>\n\t\t\t\t<\/div>\n\t\t\t\t<\/div>\n\t\t<div class=\"elementor-element elementor-element-5bfbe34 e-con-full e-flex e-con e-child\" data-id=\"5bfbe34\" data-element_type=\"container\" data-e-type=\"container\">\n\t\t\t\t<div class=\"elementor-element elementor-element-f486dff elementor-widget elementor-widget-image\" data-id=\"f486dff\" data-element_type=\"widget\" data-e-type=\"widget\" data-widget_type=\"image.default\">\n\t\t\t\t<div class=\"elementor-widget-container\">\n\t\t\t\t\t\t\t\t\t\t\t\t\t\t\t<img loading=\"lazy\" decoding=\"async\" width=\"502\" height=\"500\" src=\"https:\/\/www.les-suites.com\/wp-content\/uploads\/2024\/04\/dreamstime_xxl_32879752-web.jpg\" class=\"attachment-full size-full wp-image-5885\" alt=\"\" srcset=\"https:\/\/www.les-suites.com\/wp-content\/uploads\/2024\/04\/dreamstime_xxl_32879752-web.jpg 502w, https:\/\/www.les-suites.com\/wp-content\/uploads\/2024\/04\/dreamstime_xxl_32879752-web-300x300.jpg 300w, https:\/\/www.les-suites.com\/wp-content\/uploads\/2024\/04\/dreamstime_xxl_32879752-web-150x150.jpg 150w, https:\/\/www.les-suites.com\/wp-content\/uploads\/2024\/04\/dreamstime_xxl_32879752-web-370x369.jpg 370w, https:\/\/www.les-suites.com\/wp-content\/uploads\/2024\/04\/dreamstime_xxl_32879752-web-255x254.jpg 255w\" sizes=\"(max-width: 502px) 100vw, 502px\" \/>\t\t\t\t\t\t\t\t\t\t\t\t\t\t\t<\/div>\n\t\t\t\t<\/div>\n\t\t\t\t<div class=\"elementor-element elementor-element-3be8c12 elementor-widget elementor-widget-heading\" data-id=\"3be8c12\" data-element_type=\"widget\" data-e-type=\"widget\" data-widget_type=\"heading.default\">\n\t\t\t\t<div class=\"elementor-widget-container\">\n\t\t\t\t\t<h5 class=\"elementor-heading-title elementor-size-default\">Cour-jardin<\/h5>\t\t\t\t<\/div>\n\t\t\t\t<\/div>\n\t\t\t\t<div class=\"elementor-element elementor-element-cd90ae0 elementor-widget elementor-widget-text-editor\" data-id=\"cd90ae0\" data-element_type=\"widget\" data-e-type=\"widget\" data-widget_type=\"text-editor.default\">\n\t\t\t\t<div class=\"elementor-widget-container\">\n\t\t\t\t\t\t\t\t\t<p><strong>5<sup>e<\/sup>\u00a0\u00e9tage <br \/><\/strong><strong>7\u00a0h \u00e0 22\u00a0h<\/strong><\/p>\t\t\t\t\t\t\t\t<\/div>\n\t\t\t\t<\/div>\n\t\t\t\t<div class=\"elementor-element elementor-element-cbbcb47 elementor-widget elementor-widget-text-editor\" data-id=\"cbbcb47\" data-element_type=\"widget\" data-e-type=\"widget\" data-widget_type=\"text-editor.default\">\n\t\t\t\t<div class=\"elementor-widget-container\">\n\t\t\t\t\t\t\t\t\t<p class=\"5Bodytext10\">Ce sanctuaire ext\u00e9rieur offre des chaises longues et un endroit pour se d\u00e9tendre et profiter de l\u2019air frais. Apportez votre livre ou magazine pr\u00e9f\u00e9r\u00e9, ou communiquez avec des gens gr\u00e2ce \u00e0 notre acc\u00e8s Internet sans fil gratuit.<\/p>\t\t\t\t\t\t\t\t<\/div>\n\t\t\t\t<\/div>\n\t\t\t\t<\/div>\n\t\t<div class=\"elementor-element elementor-element-23232e4 e-con-full e-flex e-con e-child\" data-id=\"23232e4\" data-element_type=\"container\" data-e-type=\"container\">\n\t\t\t\t<div class=\"elementor-element elementor-element-462dc15 elementor-widget elementor-widget-image\" data-id=\"462dc15\" data-element_type=\"widget\" data-e-type=\"widget\" data-widget_type=\"image.default\">\n\t\t\t\t<div class=\"elementor-widget-container\">\n\t\t\t\t\t\t\t\t\t\t\t\t\t\t\t<img loading=\"lazy\" decoding=\"async\" width=\"500\" height=\"500\" src=\"https:\/\/www.les-suites.com\/wp-content\/uploads\/2024\/04\/indoor-parking-500x.jpeg\" class=\"attachment-full size-full wp-image-5886\" alt=\"\" srcset=\"https:\/\/www.les-suites.com\/wp-content\/uploads\/2024\/04\/indoor-parking-500x.jpeg 500w, https:\/\/www.les-suites.com\/wp-content\/uploads\/2024\/04\/indoor-parking-500x-300x300.jpeg 300w, https:\/\/www.les-suites.com\/wp-content\/uploads\/2024\/04\/indoor-parking-500x-150x150.jpeg 150w, https:\/\/www.les-suites.com\/wp-content\/uploads\/2024\/04\/indoor-parking-500x-370x370.jpeg 370w, https:\/\/www.les-suites.com\/wp-content\/uploads\/2024\/04\/indoor-parking-500x-255x255.jpeg 255w\" sizes=\"(max-width: 500px) 100vw, 500px\" \/>\t\t\t\t\t\t\t\t\t\t\t\t\t\t\t<\/div>\n\t\t\t\t<\/div>\n\t\t\t\t<div class=\"elementor-element elementor-element-9e459df elementor-widget elementor-widget-heading\" data-id=\"9e459df\" data-element_type=\"widget\" data-e-type=\"widget\" data-widget_type=\"heading.default\">\n\t\t\t\t<div class=\"elementor-widget-container\">\n\t\t\t\t\t<h5 class=\"elementor-heading-title elementor-size-default\">Stationnement int\u00e9rieur<\/h5>\t\t\t\t<\/div>\n\t\t\t\t<\/div>\n\t\t\t\t<div class=\"elementor-element elementor-element-fa22c24 elementor-widget elementor-widget-text-editor\" data-id=\"fa22c24\" data-element_type=\"widget\" data-e-type=\"widget\" data-widget_type=\"text-editor.default\">\n\t\t\t\t<div class=\"elementor-widget-container\">\n\t\t\t\t\t\t\t\t\t<p><strong>33,00\u00a0$ par jour + taxes<br \/><\/strong><strong>Acc\u00e8s en tout temps<\/strong><\/p>\t\t\t\t\t\t\t\t<\/div>\n\t\t\t\t<\/div>\n\t\t\t\t<div class=\"elementor-element elementor-element-3de268b elementor-widget elementor-widget-text-editor\" data-id=\"3de268b\" data-element_type=\"widget\" data-e-type=\"widget\" data-widget_type=\"text-editor.default\">\n\t\t\t\t<div class=\"elementor-widget-container\">\n\t\t\t\t\t\t\t\t\t<p>L\u2019h\u00f4tel Les Suites d\u2019Ottawa offre un stationnement int\u00e9rieur s\u00e9curitaire avec acc\u00e8s illimit\u00e9. Pour acc\u00e9der \u00e0 notre garage, les clients doivent d\u2019abord s\u2019inscrire \u00e0 la r\u00e9ception. L\u2019entr\u00e9e du garage se trouve sur l\u2019avenue Daly, \u00e0 l\u2019arri\u00e8re de l\u2019h\u00f4tel. Les places sont disponibles sur la base du premier arriv\u00e9, premier servi. Stationnement limit\u00e9 pour v\u00e9hicules surdimensionn\u00e9s disponible.<\/p>\t\t\t\t\t\t\t\t<\/div>\n\t\t\t\t<\/div>\n\t\t\t\t<\/div>\n\t\t\t\t\t<\/div>\n\t\t\t\t<\/div>\n\t\t<div class=\"elementor-element elementor-element-909d274 e-flex e-con-boxed e-con e-parent\" data-id=\"909d274\" data-element_type=\"container\" data-e-type=\"container\">\n\t\t\t\t\t<div class=\"e-con-inner\">\n\t\t\t\t<div class=\"elementor-element elementor-element-623a3f6 elementor-widget elementor-widget-spacer\" data-id=\"623a3f6\" data-element_type=\"widget\" data-e-type=\"widget\" data-widget_type=\"spacer.default\">\n\t\t\t\t<div class=\"elementor-widget-container\">\n\t\t\t\t\t\t\t<div class=\"elementor-spacer\">\n\t\t\t<div class=\"elementor-spacer-inner\"><\/div>\n\t\t<\/div>\n\t\t\t\t\t\t<\/div>\n\t\t\t\t<\/div>\n\t\t\t\t\t<\/div>\n\t\t\t\t<\/div>\n\t\t\t\t<\/div>\n\t\t","protected":false},"excerpt":{"rendered":"<p>AVANTAGES DE L\u2019H\u00d4TEL Am\u00e9liorez votre exp\u00e9rience. Urban Brew Cafe Hall de l\u2019h\u00f4tel7\u00a0h \u00e0 21\u00a0h Commencez votre journ\u00e9e avec un d\u00e9licieux caf\u00e9, ou d\u00e9tendez-vous apr\u00e8s le travail en sirotant une bi\u00e8re froide ou un verre de vin. D\u00e9gustez de d\u00e9licieux petits d\u00e9jeuners, un assortiment de salades fra\u00eeches, des paninis et des desserts all\u00e9chants. Centre d\u2019affaires Niveau &#8230;<\/p>\n","protected":false},"author":3,"featured_media":0,"parent":0,"menu_order":0,"comment_status":"closed","ping_status":"closed","template":"template-wide-content.php","meta":{"_acf_changed":false,"cozystay_single_page_hide_site_header":"","cozystay_single_page_site_header_source":"","cozystay_single_page_custom_site_header":"0","cozystay_single_page_custom_sticky_site_header":"0","cozystay_single_page_hide_page_title":"on","cozystay_single_page_header_section_size":"","cozystay_single_page_header_background_color":"","cozystay_single_page_header_background_position_x":"center","cozystay_single_page_header_background_position_y":"center","cozystay_single_page_header_background_size":"cover","cozystay_single_page_header_background_repeat":"off","cozystay_single_page_header_background_scroll":"on","cozystay_single_page_header_text_color":"","cozystay_single_page_header_show_breadcrumb":"","cozystay_single_page_site_footer_hide_main":"","cozystay_single_custom_site_footer_main_source":"","cozystay_single_custom_site_footer_main":"0","cozystay_single_page_site_footer_hide_above":"","cozystay_single_custom_site_footer_above_source":"","cozystay_single_custom_site_footer_above":"0","cozystay_single_page_site_footer_hide_instagram":"","cozystay_single_page_site_footer_hide_bottom":"","cozystay_single_custom_mobile_menu_source":"","cozystay_single_custom_mobile_menu":"0","cozystay_single_custom_mobile_menu_animation":"","cozystay_single_custom_mobile_menu_width":"","cozystay_single_custom_mobile_menu_custom_width":375,"footnotes":""},"class_list":["post-6546","page","type-page","status-publish","hentry"],"acf":[],"aioseo_notices":[],"_links":{"self":[{"href":"https:\/\/www.les-suites.com\/fr\/wp-json\/wp\/v2\/pages\/6546","targetHints":{"allow":["GET"]}}],"collection":[{"href":"https:\/\/www.les-suites.com\/fr\/wp-json\/wp\/v2\/pages"}],"about":[{"href":"https:\/\/www.les-suites.com\/fr\/wp-json\/wp\/v2\/types\/page"}],"author":[{"embeddable":true,"href":"https:\/\/www.les-suites.com\/fr\/wp-json\/wp\/v2\/users\/3"}],"replies":[{"embeddable":true,"href":"https:\/\/www.les-suites.com\/fr\/wp-json\/wp\/v2\/comments?post=6546"}],"version-history":[{"count":3,"href":"https:\/\/www.les-suites.com\/fr\/wp-json\/wp\/v2\/pages\/6546\/revisions"}],"predecessor-version":[{"id":9522,"href":"https:\/\/www.les-suites.com\/fr\/wp-json\/wp\/v2\/pages\/6546\/revisions\/9522"}],"wp:attachment":[{"href":"https:\/\/www.les-suites.com\/fr\/wp-json\/wp\/v2\/media?parent=6546"}],"curies":[{"name":"wp","href":"https:\/\/api.w.org\/{rel}","templated":true}]}}