{"id":6628,"date":"2024-11-22T20:29:51","date_gmt":"2024-11-22T20:29:51","guid":{"rendered":"https:\/\/pixel-labs.ca\/lessuites\/?page_id=6628"},"modified":"2026-04-17T12:03:25","modified_gmt":"2026-04-17T12:03:25","slug":"communaute","status":"publish","type":"page","link":"https:\/\/www.les-suites.com\/fr\/communaute\/","title":{"rendered":"COMMUNAUT\u00c9"},"content":{"rendered":"\t\t<div data-elementor-type=\"wp-page\" data-elementor-id=\"6628\" class=\"elementor elementor-6628 elementor-4147\" data-elementor-post-type=\"page\">\n\t\t\t\t\t\t<section class=\"elementor-section elementor-top-section elementor-element elementor-element-27e9867 elementor-section-height-min-height cs-parallax-on-scroll cs_scroll_y_100 elementor-section-full_width elementor-section-height-default elementor-section-items-middle\" data-id=\"27e9867\" data-element_type=\"section\" data-e-type=\"section\" data-cs-parallax-y=\"100\">\n\t\t\t\t\t\t<div class=\"elementor-container elementor-column-gap-no\">\n\t\t\t\t\t<div class=\"elementor-column elementor-col-100 elementor-top-column elementor-element elementor-element-79d0588 dark-color\" data-id=\"79d0588\" data-element_type=\"column\" data-e-type=\"column\">\n\t\t\t<div class=\"elementor-widget-wrap elementor-element-populated\">\n\t\t\t\t\t\t<div class=\"elementor-element elementor-element-2212abb elementor-widget elementor-widget-image\" data-id=\"2212abb\" data-element_type=\"widget\" data-e-type=\"widget\" data-widget_type=\"image.default\">\n\t\t\t\t<div class=\"elementor-widget-container\">\n\t\t\t\t\t\t\t\t\t\t\t\t\t\t\t<img fetchpriority=\"high\" decoding=\"async\" width=\"1921\" height=\"1080\" src=\"https:\/\/www.les-suites.com\/wp-content\/uploads\/2024\/05\/dreamstime_xxl_163634357-web.jpg\" class=\"attachment-full size-full wp-image-5912\" alt=\"\" srcset=\"https:\/\/www.les-suites.com\/wp-content\/uploads\/2024\/05\/dreamstime_xxl_163634357-web.jpg 1921w, https:\/\/www.les-suites.com\/wp-content\/uploads\/2024\/05\/dreamstime_xxl_163634357-web-300x169.jpg 300w, https:\/\/www.les-suites.com\/wp-content\/uploads\/2024\/05\/dreamstime_xxl_163634357-web-1024x576.jpg 1024w, https:\/\/www.les-suites.com\/wp-content\/uploads\/2024\/05\/dreamstime_xxl_163634357-web-768x432.jpg 768w, https:\/\/www.les-suites.com\/wp-content\/uploads\/2024\/05\/dreamstime_xxl_163634357-web-1536x864.jpg 1536w, https:\/\/www.les-suites.com\/wp-content\/uploads\/2024\/05\/dreamstime_xxl_163634357-web-1440x810.jpg 1440w, https:\/\/www.les-suites.com\/wp-content\/uploads\/2024\/05\/dreamstime_xxl_163634357-web-1200x675.jpg 1200w, https:\/\/www.les-suites.com\/wp-content\/uploads\/2024\/05\/dreamstime_xxl_163634357-web-780x439.jpg 780w, https:\/\/www.les-suites.com\/wp-content\/uploads\/2024\/05\/dreamstime_xxl_163634357-web-600x337.jpg 600w, https:\/\/www.les-suites.com\/wp-content\/uploads\/2024\/05\/dreamstime_xxl_163634357-web-550x309.jpg 550w, https:\/\/www.les-suites.com\/wp-content\/uploads\/2024\/05\/dreamstime_xxl_163634357-web-370x208.jpg 370w, https:\/\/www.les-suites.com\/wp-content\/uploads\/2024\/05\/dreamstime_xxl_163634357-web-255x143.jpg 255w\" sizes=\"(max-width: 1921px) 100vw, 1921px\" \/>\t\t\t\t\t\t\t\t\t\t\t\t\t\t\t<\/div>\n\t\t\t\t<\/div>\n\t\t\t\t\t<\/div>\n\t\t<\/div>\n\t\t\t\t\t<\/div>\n\t\t<\/section>\n\t\t\t\t<section class=\"elementor-section elementor-top-section elementor-element elementor-element-6f2ca20 elementor-section-boxed elementor-section-height-default elementor-section-height-default\" data-id=\"6f2ca20\" data-element_type=\"section\" data-e-type=\"section\">\n\t\t\t\t\t\t<div class=\"elementor-container elementor-column-gap-no\">\n\t\t\t\t\t<div class=\"elementor-column elementor-col-100 elementor-top-column elementor-element elementor-element-fc2b27f\" data-id=\"fc2b27f\" data-element_type=\"column\" data-e-type=\"column\">\n\t\t\t<div class=\"elementor-widget-wrap elementor-element-populated\">\n\t\t\t\t\t\t<div class=\"elementor-element elementor-element-412197a elementor-widget elementor-widget-cs_title\" data-id=\"412197a\" data-element_type=\"widget\" data-e-type=\"widget\" data-widget_type=\"cs_title.default\">\n\t\t\t\t<div class=\"elementor-widget-container\">\n\t\t\t\t\t\n        <div class=\"cs-title-wrap text-center\">\t            <div class=\"cs-subtitle-wrap\"><span class=\"cs-subtitle\"><h1>H\u00d4TEL LES SUITES D\u2019OTTAWA<\/h1><\/span><\/div>\t            <h2 class=\"cs-title\">\n\t                Reconnaissance de la communaut\u00e9.\t            <\/h2>        <\/div>\t\t\t\t<\/div>\n\t\t\t\t<\/div>\n\t\t\t\t<div class=\"elementor-element elementor-element-8652033 elementor-widget-divider--view-line elementor-widget elementor-widget-divider\" data-id=\"8652033\" data-element_type=\"widget\" data-e-type=\"widget\" data-widget_type=\"divider.default\">\n\t\t\t\t<div class=\"elementor-widget-container\">\n\t\t\t\t\t\t\t<div class=\"elementor-divider\">\n\t\t\t<span class=\"elementor-divider-separator\">\n\t\t\t\t\t\t<\/span>\n\t\t<\/div>\n\t\t\t\t\t\t<\/div>\n\t\t\t\t<\/div>\n\t\t\t\t\t<\/div>\n\t\t<\/div>\n\t\t\t\t\t<\/div>\n\t\t<\/section>\n\t\t\t\t<section class=\"elementor-section elementor-top-section elementor-element elementor-element-253b6438 elementor-section-content-top cs-section-content-fullwidth elementor-section-boxed elementor-section-height-default elementor-section-height-default\" data-id=\"253b6438\" data-element_type=\"section\" data-e-type=\"section\">\n\t\t\t\t\t\t<div class=\"elementor-container elementor-column-gap-no\">\n\t\t\t\t\t<div class=\"elementor-column elementor-col-50 elementor-top-column elementor-element elementor-element-3eb8d643\" data-id=\"3eb8d643\" data-element_type=\"column\" data-e-type=\"column\">\n\t\t\t<div class=\"elementor-widget-wrap elementor-element-populated\">\n\t\t\t\t\t\t<div class=\"elementor-element elementor-element-4b3bf3a4 elementor-widget elementor-widget-cs_title\" data-id=\"4b3bf3a4\" data-element_type=\"widget\" data-e-type=\"widget\" data-widget_type=\"cs_title.default\">\n\t\t\t\t<div class=\"elementor-widget-container\">\n\t\t\t\t\t\n        <div class=\"cs-title-wrap\">\t            <div class=\"cs-subtitle-wrap\"><span class=\"cs-subtitle\">TOURISME OTTAWA<\/span><\/div>\t            <h3 class=\"cs-title\">\n\t                Prix Brillons\t            <\/h3>        <\/div>\t\t\t\t<\/div>\n\t\t\t\t<\/div>\n\t\t\t\t<div class=\"elementor-element elementor-element-807cacf elementor-widget elementor-widget-text-editor\" data-id=\"807cacf\" data-element_type=\"widget\" data-e-type=\"widget\" data-widget_type=\"text-editor.default\">\n\t\t\t\t<div class=\"elementor-widget-container\">\n\t\t\t\t\t\t\t\t\t<p>Le nouveau programme des Prix Brillons, lanc\u00e9 en avril 2022, est con\u00e7u pour reconna\u00eetre l\u2019excellence du service dans tous les domaines de l\u2019accueil de premi\u00e8re ligne.<\/p>\t\t\t\t\t\t\t\t<\/div>\n\t\t\t\t<\/div>\n\t\t\t\t<div class=\"elementor-element elementor-element-951511e elementor-widget elementor-widget-text-editor\" data-id=\"951511e\" data-element_type=\"widget\" data-e-type=\"widget\" data-widget_type=\"text-editor.default\">\n\t\t\t\t<div class=\"elementor-widget-container\">\n\t\t\t\t\t\t\t\t\t<p>Les prix sont remis lors d\u2019un gala annuel visant \u00e0 c\u00e9l\u00e9brer l\u2019\u00e9conomie touristique d\u2019Ottawa. Les candidatures sont compil\u00e9es tout au long de l\u2019ann\u00e9e et \u00e9valu\u00e9es par un groupe d\u2019experts de l\u2019industrie, afin de d\u00e9terminer les gagnants dans chaque cat\u00e9gorie, ainsi que le grand gagnant du prix Brillons.<\/p><p>Lors du gala annuel de remise des prix, les membres de l\u2019\u00e9quipe de l\u2019h\u00f4tel Les Suites ont \u00e9t\u00e9 reconnus pour leur service \u00e0 la client\u00e8le exceptionnel :<\/p><ul><li><strong><span style=\"color: #b99d78;\">Gagnant de 2024 <\/span><\/strong> \u2013 Employ\u00e9 de l\u2019ann\u00e9e du secteur du tourisme | Nikolay Stanchulov<\/li><li><strong><span style=\"color: #b99d78;\">Gagnant de 2023 <\/span><\/strong> \u2013 Leader exceptionnel | Abdul Moalin<\/li><li><strong><span style=\"color: #b99d78;\">Finaliste de 2023 <\/span><\/strong> \u2013 Service exceptionnel : Services de | Eduardo Malla<\/li><\/ul><p>Si un membre de notre \u00e9quipe a contribu\u00e9 \u00e0 faire de votre s\u00e9jour une exp\u00e9rience m\u00e9morable, nous serions ravis d\u2019entendre votre histoire!<\/p><p>Visitez <a href=\"http:\/\/www.les-suites.com\/fr\/etoile-brillante\/\"><span style=\"color: #333333;\">www.les-suites.com\/fr\/etoile-brillante\/<\/span><\/a><\/p>\t\t\t\t\t\t\t\t<\/div>\n\t\t\t\t<\/div>\n\t\t\t\t<div class=\"elementor-element elementor-element-ef7dbfa elementor-hidden-mobile elementor-hidden-tablet elementor-widget-divider--view-line elementor-widget elementor-widget-divider\" data-id=\"ef7dbfa\" data-element_type=\"widget\" data-e-type=\"widget\" data-widget_type=\"divider.default\">\n\t\t\t\t<div class=\"elementor-widget-container\">\n\t\t\t\t\t\t\t<div class=\"elementor-divider\">\n\t\t\t<span class=\"elementor-divider-separator\">\n\t\t\t\t\t\t<\/span>\n\t\t<\/div>\n\t\t\t\t\t\t<\/div>\n\t\t\t\t<\/div>\n\t\t\t\t\t<\/div>\n\t\t<\/div>\n\t\t\t\t<div class=\"elementor-column elementor-col-50 elementor-top-column elementor-element elementor-element-785e2c17\" data-id=\"785e2c17\" data-element_type=\"column\" data-e-type=\"column\">\n\t\t\t<div class=\"elementor-widget-wrap elementor-element-populated\">\n\t\t\t\t\t\t<section class=\"elementor-section elementor-inner-section elementor-element elementor-element-131488cf elementor-section-content-middle elementor-section-boxed elementor-section-height-default elementor-section-height-default\" data-id=\"131488cf\" data-element_type=\"section\" data-e-type=\"section\">\n\t\t\t\t\t\t<div class=\"elementor-container elementor-column-gap-no\">\n\t\t\t\t\t<div class=\"elementor-column elementor-col-100 elementor-inner-column elementor-element elementor-element-45446886\" data-id=\"45446886\" data-element_type=\"column\" data-e-type=\"column\">\n\t\t\t<div class=\"elementor-widget-wrap elementor-element-populated\">\n\t\t\t\t\t\t<div class=\"elementor-element elementor-element-5cf573b9 elementor-widget__width-initial elementor-widget elementor-widget-image\" data-id=\"5cf573b9\" data-element_type=\"widget\" data-e-type=\"widget\" data-widget_type=\"image.default\">\n\t\t\t\t<div class=\"elementor-widget-container\">\n\t\t\t\t\t\t\t\t\t\t\t\t\t\t\t<img decoding=\"async\" width=\"350\" height=\"225\" src=\"https:\/\/www.les-suites.com\/wp-content\/uploads\/2024\/05\/OTCA-Shine-On-Graphic-FR.jpg\" class=\"attachment-full size-full wp-image-6639\" alt=\"\" srcset=\"https:\/\/www.les-suites.com\/wp-content\/uploads\/2024\/05\/OTCA-Shine-On-Graphic-FR.jpg 350w, https:\/\/www.les-suites.com\/wp-content\/uploads\/2024\/05\/OTCA-Shine-On-Graphic-FR-300x193.jpg 300w, https:\/\/www.les-suites.com\/wp-content\/uploads\/2024\/05\/OTCA-Shine-On-Graphic-FR-255x164.jpg 255w\" sizes=\"(max-width: 350px) 100vw, 350px\" \/>\t\t\t\t\t\t\t\t\t\t\t\t\t\t\t<\/div>\n\t\t\t\t<\/div>\n\t\t\t\t\t<\/div>\n\t\t<\/div>\n\t\t\t\t\t<\/div>\n\t\t<\/section>\n\t\t\t\t<div class=\"elementor-element elementor-element-0b80926 elementor-hidden-desktop elementor-widget-divider--view-line elementor-widget elementor-widget-divider\" data-id=\"0b80926\" data-element_type=\"widget\" data-e-type=\"widget\" data-widget_type=\"divider.default\">\n\t\t\t\t<div class=\"elementor-widget-container\">\n\t\t\t\t\t\t\t<div class=\"elementor-divider\">\n\t\t\t<span class=\"elementor-divider-separator\">\n\t\t\t\t\t\t<\/span>\n\t\t<\/div>\n\t\t\t\t\t\t<\/div>\n\t\t\t\t<\/div>\n\t\t\t\t\t<\/div>\n\t\t<\/div>\n\t\t\t\t\t<\/div>\n\t\t<\/section>\n\t\t\t\t<section class=\"elementor-section elementor-top-section elementor-element elementor-element-0789d85 elementor-section-content-top cs-section-content-fullwidth elementor-section-boxed elementor-section-height-default elementor-section-height-default\" data-id=\"0789d85\" data-element_type=\"section\" data-e-type=\"section\">\n\t\t\t\t\t\t<div class=\"elementor-container elementor-column-gap-no\">\n\t\t\t\t\t<div class=\"elementor-column elementor-col-50 elementor-top-column elementor-element elementor-element-67ff18a\" data-id=\"67ff18a\" data-element_type=\"column\" data-e-type=\"column\">\n\t\t\t<div class=\"elementor-widget-wrap elementor-element-populated\">\n\t\t\t\t\t\t<div class=\"elementor-element elementor-element-edf2b31 elementor-widget elementor-widget-cs_title\" data-id=\"edf2b31\" data-element_type=\"widget\" data-e-type=\"widget\" data-widget_type=\"cs_title.default\">\n\t\t\t\t<div class=\"elementor-widget-container\">\n\t\t\t\t\t\n        <div class=\"cs-title-wrap\">\t            <div class=\"cs-subtitle-wrap\"><span class=\"cs-subtitle\">\nTOURISME OTTAWA\n<\/span><\/div>\t            <h3 class=\"cs-title\">\n\t                Vedettes de la ville.\t            <\/h3>        <\/div>\t\t\t\t<\/div>\n\t\t\t\t<\/div>\n\t\t\t\t<div class=\"elementor-element elementor-element-7d8597e elementor-widget elementor-widget-text-editor\" data-id=\"7d8597e\" data-element_type=\"widget\" data-e-type=\"widget\" data-widget_type=\"text-editor.default\">\n\t\t\t\t<div class=\"elementor-widget-container\">\n\t\t\t\t\t\t\t\t\t<p>Le programme Vedettes de la ville de Tourisme Ottawa c\u00e9l\u00e9brait les professionnels de premi\u00e8re ligne qui se surpassaient pour faire vivre des exp\u00e9riences m\u00e9morables aux visiteurs et aux r\u00e9sidents d\u2019Ottawa et de la r\u00e9gion de la capitale du Canada.<\/p>\t\t\t\t\t\t\t\t<\/div>\n\t\t\t\t<\/div>\n\t\t\t\t<div class=\"elementor-element elementor-element-cc5bd0b elementor-widget elementor-widget-text-editor\" data-id=\"cc5bd0b\" data-element_type=\"widget\" data-e-type=\"widget\" data-widget_type=\"text-editor.default\">\n\t\t\t\t<div class=\"elementor-widget-container\">\n\t\t\t\t\t\t\t\t\t<p>Gr\u00e2ce aux nominations propos\u00e9es par nos estim\u00e9s invit\u00e9s, l\u2019h\u00f4tel Les Suites Ottawa et les membres de son \u00e9quipe se classent chaque ann\u00e9e parmi les finalistes et les gagnants des prix d\u00e9cern\u00e9s lors du gala annuel.<\/p><ul><li><strong><span style=\"color: #b99d78;\">\u00c9quipe \u00e9toile de 2019<\/span><\/strong> \u2013 Gagnant<\/li><li><span style=\"color: #b99d78;\"><strong>\u00c9quipe \u00e9toile de 2018<\/strong><\/span> \u2013 Gagnant<\/li><li><span style=\"color: #b99d78;\"><strong>\u00c9quipe \u00e9toile de 2017<\/strong><\/span> \u2013 Finaliste<\/li><li><span style=\"color: #b99d78;\"><strong>\u00c9quipe \u00e9toile de 2016<\/strong><\/span> \u2013 Gagnant<\/li><li><span style=\"color: #b99d78;\"><strong>\u00c9quipe \u00e9toile de 2015<\/strong><\/span> \u2013 Gagnant<\/li><li><strong><span style=\"color: #b99d78;\">\u00c9quipe \u00e9toile de 2014<\/span><\/strong> \u2013 Finaliste<\/li><li><span style=\"color: #b99d78;\"><strong>\u00c9quipe \u00e9toile de 2013<\/strong> <\/span>\u2013 Finaliste<\/li><li><span style=\"color: #b99d78;\"><strong>\u00c9quipe \u00e9toile de 2012<\/strong><\/span> \u2013 Gagnant<\/li><\/ul>\t\t\t\t\t\t\t\t<\/div>\n\t\t\t\t<\/div>\n\t\t\t\t<div class=\"elementor-element elementor-element-9044424 elementor-hidden-desktop elementor-hidden-tablet elementor-widget-divider--view-line elementor-widget elementor-widget-divider\" data-id=\"9044424\" data-element_type=\"widget\" data-e-type=\"widget\" data-widget_type=\"divider.default\">\n\t\t\t\t<div class=\"elementor-widget-container\">\n\t\t\t\t\t\t\t<div class=\"elementor-divider\">\n\t\t\t<span class=\"elementor-divider-separator\">\n\t\t\t\t\t\t<\/span>\n\t\t<\/div>\n\t\t\t\t\t\t<\/div>\n\t\t\t\t<\/div>\n\t\t\t\t\t<\/div>\n\t\t<\/div>\n\t\t\t\t<div class=\"elementor-column elementor-col-50 elementor-top-column elementor-element elementor-element-d453e11\" data-id=\"d453e11\" data-element_type=\"column\" data-e-type=\"column\">\n\t\t\t<div class=\"elementor-widget-wrap elementor-element-populated\">\n\t\t\t\t\t\t<section class=\"elementor-section elementor-inner-section elementor-element elementor-element-4884e61 elementor-section-content-middle elementor-section-boxed elementor-section-height-default elementor-section-height-default\" data-id=\"4884e61\" data-element_type=\"section\" data-e-type=\"section\">\n\t\t\t\t\t\t<div class=\"elementor-container elementor-column-gap-no\">\n\t\t\t\t\t<div class=\"elementor-column elementor-col-100 elementor-inner-column elementor-element elementor-element-5cf6a87\" data-id=\"5cf6a87\" data-element_type=\"column\" data-e-type=\"column\">\n\t\t\t<div class=\"elementor-widget-wrap\">\n\t\t\t\t\t\t\t<\/div>\n\t\t<\/div>\n\t\t\t\t\t<\/div>\n\t\t<\/section>\n\t\t\t\t<div class=\"elementor-element elementor-element-92e7b18 elementor-widget__width-initial elementor-widget elementor-widget-image\" data-id=\"92e7b18\" data-element_type=\"widget\" data-e-type=\"widget\" data-widget_type=\"image.default\">\n\t\t\t\t<div class=\"elementor-widget-container\">\n\t\t\t\t\t\t\t\t\t\t\t\t\t\t\t<img decoding=\"async\" width=\"398\" height=\"391\" src=\"https:\/\/www.les-suites.com\/wp-content\/uploads\/2024\/05\/Les-Suites-Hotel-Star-Team-2019-Web-FR.jpg\" class=\"attachment-full size-full wp-image-6653\" alt=\"\" srcset=\"https:\/\/www.les-suites.com\/wp-content\/uploads\/2024\/05\/Les-Suites-Hotel-Star-Team-2019-Web-FR.jpg 398w, https:\/\/www.les-suites.com\/wp-content\/uploads\/2024\/05\/Les-Suites-Hotel-Star-Team-2019-Web-FR-300x295.jpg 300w, https:\/\/www.les-suites.com\/wp-content\/uploads\/2024\/05\/Les-Suites-Hotel-Star-Team-2019-Web-FR-370x363.jpg 370w, https:\/\/www.les-suites.com\/wp-content\/uploads\/2024\/05\/Les-Suites-Hotel-Star-Team-2019-Web-FR-255x251.jpg 255w\" sizes=\"(max-width: 398px) 100vw, 398px\" \/>\t\t\t\t\t\t\t\t\t\t\t\t\t\t\t<\/div>\n\t\t\t\t<\/div>\n\t\t\t\t<div class=\"elementor-element elementor-element-9d96477 elementor-hidden-desktop elementor-widget-divider--view-line elementor-widget elementor-widget-divider\" data-id=\"9d96477\" data-element_type=\"widget\" data-e-type=\"widget\" data-widget_type=\"divider.default\">\n\t\t\t\t<div class=\"elementor-widget-container\">\n\t\t\t\t\t\t\t<div class=\"elementor-divider\">\n\t\t\t<span class=\"elementor-divider-separator\">\n\t\t\t\t\t\t<\/span>\n\t\t<\/div>\n\t\t\t\t\t\t<\/div>\n\t\t\t\t<\/div>\n\t\t\t\t\t<\/div>\n\t\t<\/div>\n\t\t\t\t\t<\/div>\n\t\t<\/section>\n\t\t\t\t<section class=\"elementor-section elementor-top-section elementor-element elementor-element-23b57c9 elementor-section-content-top cs-section-content-fullwidth elementor-section-boxed elementor-section-height-default elementor-section-height-default\" data-id=\"23b57c9\" data-element_type=\"section\" data-e-type=\"section\">\n\t\t\t\t\t\t<div class=\"elementor-container elementor-column-gap-no\">\n\t\t\t\t\t<div class=\"elementor-column elementor-col-50 elementor-top-column elementor-element elementor-element-b29c5c8\" data-id=\"b29c5c8\" data-element_type=\"column\" data-e-type=\"column\">\n\t\t\t<div class=\"elementor-widget-wrap elementor-element-populated\">\n\t\t\t\t\t\t<div class=\"elementor-element elementor-element-1d038d1 elementor-widget elementor-widget-cs_title\" data-id=\"1d038d1\" data-element_type=\"widget\" data-e-type=\"widget\" data-widget_type=\"cs_title.default\">\n\t\t\t\t<div class=\"elementor-widget-container\">\n\t\t\t\t\t\n        <div class=\"cs-title-wrap\">\t            <div class=\"cs-subtitle-wrap\"><span class=\"cs-subtitle\">UNE CULTURE DU DON<\/span><\/div>\t            <h3 class=\"cs-title\">\n\t                Engagement communautaire.\t            <\/h3>        <\/div>\t\t\t\t<\/div>\n\t\t\t\t<\/div>\n\t\t\t\t<div class=\"elementor-element elementor-element-cd74b2c elementor-widget elementor-widget-text-editor\" data-id=\"cd74b2c\" data-element_type=\"widget\" data-e-type=\"widget\" data-widget_type=\"text-editor.default\">\n\t\t\t\t<div class=\"elementor-widget-container\">\n\t\t\t\t\t\t\t\t\t<p>La participation communautaire est une partie int\u00e9grante de l\u2019h\u00f4tel Les Suites d\u2019Ottawa.<\/p>\t\t\t\t\t\t\t\t<\/div>\n\t\t\t\t<\/div>\n\t\t\t\t<div class=\"elementor-element elementor-element-2ac9a5f elementor-widget elementor-widget-text-editor\" data-id=\"2ac9a5f\" data-element_type=\"widget\" data-e-type=\"widget\" data-widget_type=\"text-editor.default\">\n\t\t\t\t<div class=\"elementor-widget-container\">\n\t\t\t\t\t\t\t\t\t<p>Nous sommes fiers d\u2019appuyer des organismes de bienfaisance locaux et des initiatives communautaires. Chaque ann\u00e9e, nos employ\u00e9s sont g\u00e9n\u00e9reux de leur temps, de leurs talents et de leurs ressources lors d\u2019\u00e9v\u00e9nements de collecte de fonds. Parmi ceux-ci :<\/p><ul><li>CHEO\u00a0(Centre hospitalier pour les enfants de l\u2019est de l\u2019Ontario)<\/li><li>Centraide Ottawa<\/li><li>Le Grand V\u00e9lo du C\u0153ur de la Fondation C\u0153ur et AVC du Canada<\/li><li>La journ\u00e9e Terry Fox<\/li><li>Le programme \u00ab\u00a0<em>Raise a Reader<\/em>\u00a0\u00bb de Postmedia<\/li><li>La course de lits Kiwanis de Bal de neige<\/li><\/ul>\t\t\t\t\t\t\t\t<\/div>\n\t\t\t\t<\/div>\n\t\t\t\t\t<\/div>\n\t\t<\/div>\n\t\t\t\t<div class=\"elementor-column elementor-col-50 elementor-top-column elementor-element elementor-element-0711445\" data-id=\"0711445\" data-element_type=\"column\" data-e-type=\"column\">\n\t\t\t<div class=\"elementor-widget-wrap elementor-element-populated\">\n\t\t\t\t\t\t<section class=\"elementor-section elementor-inner-section elementor-element elementor-element-fc78c7f elementor-section-content-middle elementor-section-boxed elementor-section-height-default elementor-section-height-default\" data-id=\"fc78c7f\" data-element_type=\"section\" data-e-type=\"section\">\n\t\t\t\t\t\t<div class=\"elementor-container elementor-column-gap-no\">\n\t\t\t\t\t<div class=\"elementor-column elementor-col-100 elementor-inner-column elementor-element elementor-element-36b5db9\" data-id=\"36b5db9\" data-element_type=\"column\" data-e-type=\"column\">\n\t\t\t<div class=\"elementor-widget-wrap elementor-element-populated\">\n\t\t\t\t\t\t<div class=\"elementor-element elementor-element-143e89b elementor-widget__width-initial elementor-widget elementor-widget-image\" data-id=\"143e89b\" data-element_type=\"widget\" data-e-type=\"widget\" data-widget_type=\"image.default\">\n\t\t\t\t<div class=\"elementor-widget-container\">\n\t\t\t\t\t\t\t\t\t\t\t\t\t\t\t<img loading=\"lazy\" decoding=\"async\" width=\"330\" height=\"202\" src=\"https:\/\/www.les-suites.com\/wp-content\/uploads\/2024\/05\/Kiwanis-Bedrace-2024-web.jpg\" class=\"attachment-full size-full wp-image-5915\" alt=\"\" srcset=\"https:\/\/www.les-suites.com\/wp-content\/uploads\/2024\/05\/Kiwanis-Bedrace-2024-web.jpg 330w, https:\/\/www.les-suites.com\/wp-content\/uploads\/2024\/05\/Kiwanis-Bedrace-2024-web-300x184.jpg 300w, https:\/\/www.les-suites.com\/wp-content\/uploads\/2024\/05\/Kiwanis-Bedrace-2024-web-255x156.jpg 255w\" sizes=\"(max-width: 330px) 100vw, 330px\" \/>\t\t\t\t\t\t\t\t\t\t\t\t\t\t\t<\/div>\n\t\t\t\t<\/div>\n\t\t\t\t<div class=\"elementor-element elementor-element-48ce305 elementor-widget elementor-widget-text-editor\" data-id=\"48ce305\" data-element_type=\"widget\" data-e-type=\"widget\" data-widget_type=\"text-editor.default\">\n\t\t\t\t<div class=\"elementor-widget-container\">\n\t\t\t\t\t\t\t\t\t<p style=\"text-align: center;\"><strong>Course de lits du Village Accora de 2024<br \/><\/strong>Organis\u00e9 par le Club Kiwanis d\u2019Ottawa.<br \/><strong><span style=\"color: #b99d78;\">WINNER<\/span><\/strong> &#8211; Meilleur esprit d\u2019\u00e9quipe<\/p>\t\t\t\t\t\t\t\t<\/div>\n\t\t\t\t<\/div>\n\t\t\t\t\t<\/div>\n\t\t<\/div>\n\t\t\t\t\t<\/div>\n\t\t<\/section>\n\t\t\t\t\t<\/div>\n\t\t<\/div>\n\t\t\t\t\t<\/div>\n\t\t<\/section>\n\t\t<div class=\"elementor-element elementor-element-f1ed3db e-flex e-con-boxed e-con e-parent\" data-id=\"f1ed3db\" data-element_type=\"container\" data-e-type=\"container\">\n\t\t\t\t\t<div class=\"e-con-inner\">\n\t\t\t\t<div class=\"elementor-element elementor-element-f02dda6 elementor-widget elementor-widget-spacer\" data-id=\"f02dda6\" data-element_type=\"widget\" data-e-type=\"widget\" data-widget_type=\"spacer.default\">\n\t\t\t\t<div class=\"elementor-widget-container\">\n\t\t\t\t\t\t\t<div class=\"elementor-spacer\">\n\t\t\t<div class=\"elementor-spacer-inner\"><\/div>\n\t\t<\/div>\n\t\t\t\t\t\t<\/div>\n\t\t\t\t<\/div>\n\t\t\t\t\t<\/div>\n\t\t\t\t<\/div>\n\t\t\t\t<\/div>\n\t\t","protected":false},"excerpt":{"rendered":"<p>H\u00d4TEL LES SUITES D\u2019OTTAWA Reconnaissance de la communaut\u00e9. TOURISME OTTAWA Prix Brillons Le nouveau programme des Prix Brillons, lanc\u00e9 en avril 2022, est con\u00e7u pour reconna\u00eetre l\u2019excellence du service dans tous les domaines de l\u2019accueil de premi\u00e8re ligne. Les prix sont remis lors d\u2019un gala annuel visant \u00e0 c\u00e9l\u00e9brer l\u2019\u00e9conomie touristique d\u2019Ottawa. Les candidatures sont &#8230;<\/p>\n","protected":false},"author":3,"featured_media":0,"parent":0,"menu_order":0,"comment_status":"closed","ping_status":"closed","template":"template-wide-content.php","meta":{"_acf_changed":false,"cozystay_single_page_hide_site_header":"","cozystay_single_page_site_header_source":"","cozystay_single_page_custom_site_header":"0","cozystay_single_page_custom_sticky_site_header":"0","cozystay_single_page_hide_page_title":"on","cozystay_single_page_header_section_size":"","cozystay_single_page_header_background_color":"","cozystay_single_page_header_background_position_x":"center","cozystay_single_page_header_background_position_y":"center","cozystay_single_page_header_background_size":"cover","cozystay_single_page_header_background_repeat":"off","cozystay_single_page_header_background_scroll":"on","cozystay_single_page_header_text_color":"","cozystay_single_page_header_show_breadcrumb":"","cozystay_single_page_site_footer_hide_main":"","cozystay_single_custom_site_footer_main_source":"","cozystay_single_custom_site_footer_main":"0","cozystay_single_page_site_footer_hide_above":"","cozystay_single_custom_site_footer_above_source":"","cozystay_single_custom_site_footer_above":"0","cozystay_single_page_site_footer_hide_instagram":"","cozystay_single_page_site_footer_hide_bottom":"","cozystay_single_custom_mobile_menu_source":"","cozystay_single_custom_mobile_menu":"0","cozystay_single_custom_mobile_menu_animation":"","cozystay_single_custom_mobile_menu_width":"","cozystay_single_custom_mobile_menu_custom_width":375,"footnotes":""},"class_list":["post-6628","page","type-page","status-publish","hentry"],"acf":[],"aioseo_notices":[],"_links":{"self":[{"href":"https:\/\/www.les-suites.com\/fr\/wp-json\/wp\/v2\/pages\/6628","targetHints":{"allow":["GET"]}}],"collection":[{"href":"https:\/\/www.les-suites.com\/fr\/wp-json\/wp\/v2\/pages"}],"about":[{"href":"https:\/\/www.les-suites.com\/fr\/wp-json\/wp\/v2\/types\/page"}],"author":[{"embeddable":true,"href":"https:\/\/www.les-suites.com\/fr\/wp-json\/wp\/v2\/users\/3"}],"replies":[{"embeddable":true,"href":"https:\/\/www.les-suites.com\/fr\/wp-json\/wp\/v2\/comments?post=6628"}],"version-history":[{"count":5,"href":"https:\/\/www.les-suites.com\/fr\/wp-json\/wp\/v2\/pages\/6628\/revisions"}],"predecessor-version":[{"id":9987,"href":"https:\/\/www.les-suites.com\/fr\/wp-json\/wp\/v2\/pages\/6628\/revisions\/9987"}],"wp:attachment":[{"href":"https:\/\/www.les-suites.com\/fr\/wp-json\/wp\/v2\/media?parent=6628"}],"curies":[{"name":"wp","href":"https:\/\/api.w.org\/{rel}","templated":true}]}}